{"id":207,"date":"2007-05-24T18:26:50","date_gmt":"2007-05-24T17:26:50","guid":{"rendered":"http:\/\/www.ascorcerizas.com\/central\/060126wp\/wp\/?page_id=207"},"modified":"2007-06-05T16:22:52","modified_gmt":"2007-06-05T15:22:52","slug":"iniciacion-ao-parapente-e-manexo-de-papaventos","status":"publish","type":"page","link":"https:\/\/ascorcerizas.com\/central\/060126wp\/wp\/?page_id=207","title":{"rendered":"Iniciaci\u00f3n ao Parapente e manexo de Papaventos"},"content":{"rendered":"<p>Iniciaci\u00f3n ao Parapente e manexo de Papaventos<\/p>\n<p><img decoding=\"async\" alt=\"parapente\" id=\"image218\" src=\"http:\/\/www.ascorcerizas.com\/central\/060126wp\/wp\/wp-content\/uploads\/2007\/05\/parapente_ascorcerizas.jpg\" \/><br \/>\n<strong><br \/>\nDatas:<\/strong> 3 e 10 de Xu\u00f1o.<br \/>\n<strong>N\u00famero de participantes:<\/strong> 16<br \/>\n<strong>Idade:<\/strong> A partir de 18 anos<br \/>\n<strong>Lugar:<\/strong> Serra de San Mamede, concello de Vilar de Barrio.<br \/>\n<strong>Horario:<\/strong> Hora de sa\u00edda de Ourense \u00e1s 9:00 no Parque de San L\u00e1zaro.<br \/>\n<strong>Material a levar:<\/strong> Roupa c\u00f3moda e de abrigo<br \/>\nDNI e tarxeta sanitaria.<br \/>\nXantar de campo e bebida<\/p>\n<p><strong>Prezo:<\/strong> 39 euros\/participante<br \/>\nDesconto do 15% para universitarios\/as<\/p>\n<p><strong>Reservas e inicrici\u00f3n:<\/strong><br \/>\nPavill\u00f3n Universitario 2\u00ba Andar<br \/>\nCampus Sur As Lagoas<br \/>\nA Lonia s\/n 32005 Ourense<br \/>\nTlf: <strong>988 38 71 98<\/strong><br \/>\ndepor-ou@uvigo.es<\/p>\n<p>ou<\/p>\n<p>Amigos da Terra<br \/>\nr\/. Capitan Eloi, 20 &#8211; 2\u00ba Esq. 32003 Ourense.<br \/>\nTlf. <strong>988 37 43 18 <\/strong><\/p>\n<p>Aberto Prazo de incrici\u00f3n !!!<\/p>\n<p><strong>Organizan: <\/strong><\/p>\n<blockquote><p>Servizo de deportes. Vicerrectorado do campus de Ourense, Universidade de Vigo.<br \/>\nAmigos da Terra.<\/p><\/blockquote>\n<table width=\"500\" cellspacing=\"0\" cellpadding=\"0\" border=\"0\">\n<tr>\n<td><img loading=\"lazy\" decoding=\"async\" width=\"115\" height=\"115\" src=\"http:\/\/www.ascorcerizas.com\/central\/060126wp\/wp\/wp-content\/images_2006\/logotipos_deporte-01_01.png\" \/><\/td>\n<td><a target=\"_blank\" href=\"http:\/\/www.vicplanou.uvigo.es\/\"><img loading=\"lazy\" decoding=\"async\" width=\"193\" height=\"115\" src=\"http:\/\/www.ascorcerizas.com\/central\/060126wp\/wp\/wp-content\/images_2006\/logotipos_deporte-01_02.png\" \/><\/a><\/td>\n<td><img loading=\"lazy\" decoding=\"async\" width=\"192\" height=\"115\" src=\"http:\/\/www.ascorcerizas.com\/central\/060126wp\/wp\/wp-content\/images_2006\/logotipos_deporte-01_03.png\" \/><\/td>\n<\/tr>\n<\/table>\n","protected":false},"excerpt":{"rendered":"<p>Iniciaci\u00f3n ao Parapente e manexo de Papaventos Datas: 3 e 10 de Xu\u00f1o. N\u00famero de participantes: 16 Idade: A partir de 18 anos Lugar: Serra de San Mamede, concello de Vilar de Barrio. Horario: Hora de sa\u00edda de Ourense \u00e1s 9:00 no Parque de San L\u00e1zaro. Material a levar: Roupa c\u00f3moda e de abrigo DNI [&hellip;]<\/p>\n","protected":false},"author":1,"featured_media":0,"parent":215,"menu_order":0,"comment_status":"open","ping_status":"open","template":"","meta":{"jetpack_post_was_ever_published":false,"footnotes":""},"class_list":["post-207","page","type-page","status-publish","hentry"],"jetpack_sharing_enabled":true,"jetpack_shortlink":"https:\/\/wp.me\/P7kmhj-3l","_links":{"self":[{"href":"https:\/\/ascorcerizas.com\/central\/060126wp\/wp\/index.php?rest_route=\/wp\/v2\/pages\/207","targetHints":{"allow":["GET"]}}],"collection":[{"href":"https:\/\/ascorcerizas.com\/central\/060126wp\/wp\/index.php?rest_route=\/wp\/v2\/pages"}],"about":[{"href":"https:\/\/ascorcerizas.com\/central\/060126wp\/wp\/index.php?rest_route=\/wp\/v2\/types\/page"}],"author":[{"embeddable":true,"href":"https:\/\/ascorcerizas.com\/central\/060126wp\/wp\/index.php?rest_route=\/wp\/v2\/users\/1"}],"replies":[{"embeddable":true,"href":"https:\/\/ascorcerizas.com\/central\/060126wp\/wp\/index.php?rest_route=%2Fwp%2Fv2%2Fcomments&post=207"}],"version-history":[{"count":0,"href":"https:\/\/ascorcerizas.com\/central\/060126wp\/wp\/index.php?rest_route=\/wp\/v2\/pages\/207\/revisions"}],"up":[{"embeddable":true,"href":"https:\/\/ascorcerizas.com\/central\/060126wp\/wp\/index.php?rest_route=\/wp\/v2\/pages\/215"}],"wp:attachment":[{"href":"https:\/\/ascorcerizas.com\/central\/060126wp\/wp\/index.php?rest_route=%2Fwp%2Fv2%2Fmedia&parent=207"}],"curies":[{"name":"wp","href":"https:\/\/api.w.org\/{rel}","templated":true}]}}