{"id":12,"date":"2015-01-09T10:56:28","date_gmt":"2015-01-09T10:56:28","guid":{"rendered":"http:\/\/ascorcerizas.com\/central\/141118wp\/?page_id=12"},"modified":"2018-04-04T11:15:58","modified_gmt":"2018-04-04T11:15:58","slug":"albergue","status":"publish","type":"page","link":"http:\/\/ascorcerizas.com\/central\/141118wp\/destacado\/albergue\/","title":{"rendered":"Albergue"},"content":{"rendered":"<h2>Turismo Responsable<\/h2>\n<p>Goza dunha escapada 100% ecol\u00f3xica no noso albergue, premiado a nivel mundial por\u00a0<a title=\"Hostelling International\" href=\"https:\/\/www.hihostels.com\/\" target=\"_blank\">Hostelling International<\/a>\u00a0e o seu fondo de sostibilidade.<\/p>\n<p><img loading=\"lazy\" decoding=\"async\" class=\"aligncenter wp-image-241 size-full\" title=\"Albergue As Corcerizas\" src=\"http:\/\/ascorcerizas.com\/central\/141118wp\/wp-content\/uploads\/2015\/01\/sub_03_albergue.jpg\" alt=\"Albergue Rural As Corcerizas\" width=\"870\" height=\"580\" srcset=\"http:\/\/ascorcerizas.com\/central\/141118wp\/wp-content\/uploads\/2015\/01\/sub_03_albergue.jpg 870w, http:\/\/ascorcerizas.com\/central\/141118wp\/wp-content\/uploads\/2015\/01\/sub_03_albergue-300x200.jpg 300w\" sizes=\"auto, (max-width: 870px) 100vw, 870px\" \/><\/p>\n<h2>Aloxamento<\/h2>\n<ul>\n<li>Individual: 15\u20ac<\/li>\n<li>Grupos de m\u00e1is de 20 persoas: 13\u20ac<\/li>\n<li>Socias e socios de Amigos da Terra: 10\u20ac<br \/>\nGratis para nenos\/as menores de 5 anos.<br \/>\nCoci\u00f1a e sal\u00f3n de libre uso.<br \/>\nServizo de lavandar\u00eda.<\/li>\n<\/ul>\n<h2>Comidas<\/h2>\n<ul>\n<li>Pensi\u00f3n Completa: 40\u20ac<\/li>\n<li>Almorzo: 3\u20ac<\/li>\n<li>Comida \/ cea: 12\u20ac<\/li>\n<li>Pic-nic: 6\u20ac<br \/>\nIncorporando alimentos locais e de produci\u00f3n ecol\u00f3xica.<br \/>\nMen\u00fas adaptados a intolerancias e opci\u00f3ns veganas e vexetarianas.<\/li>\n<\/ul>\n<h2>Actividades e Servizos:<\/h2>\n<h3 style=\"padding-left: 30px\">Obradoiros<\/h3>\n<ul>\n<li>Elaboraci\u00f3n de velas veganas, 45min: &lt;10 pers: \u20ac35 \/ &gt;10pers: \u20ac55<\/li>\n<li>Elaboraci\u00f3n de cosm\u00e9tica natural, 45 min: &lt;10pers: \u20ac35 \/ &gt;10pers: \u20ac55<\/li>\n<li>Xab\u00f3ns artesanais, 1h: &lt;10pers: \u20ac35 \/ &gt;10pers: \u20ac55<\/li>\n<li>Panadar\u00eda silvestre, 30 min: &lt;10pers: \u20ac35 \/ &gt;10pers: \u20ac 55<\/li>\n<li>Elaboraci\u00f3n de marmeladas, 1h 30min: &lt;10pers: \u20ac55 \/ &gt;10pers: \u20ac75<\/li>\n<li>Autocultivo de cogomelos comestibles, 2h: &lt;10pers: \u20ac65 \/ &gt;10pers \u20ac85<\/li>\n<\/ul>\n<h3 style=\"padding-left: 30px\">Animaci\u00f3n infantil<\/h3>\n<p style=\"padding-left: 30px\">Consultar prezos<\/p>\n<h3 style=\"padding-left: 30px\">Trekking e BTT, rutas guiadas<\/h3>\n<ul>\n<li>Alto de San Mamede, ascenso ata o cumio (1.618m) 21km: &lt;10pers \u20ac50 \/ &gt;10pers: \u20ac5 pers.<\/li>\n<li>Bidueiral de Montederramo (Rede Natura 2000) 17km, ruta circular que nos interna no bosque boreal m\u00e1is austral de Europa:\u00a0&lt;10pers: \u20ac50 \/ &gt;10pers: \u20ac5 pers.<\/li>\n<li>Teixeira e Castro 20km, ruta circular entre as d\u00faas aldeas de monta\u00f1a: &lt;10pers: \u20ac50 \/ &gt;10pers: \u20ac5 pers.<\/li>\n<\/ul>\n<h2><\/h2>\n<p>&nbsp;<\/p>\n<h2>Reservas:<\/h2>\n<h3><a href=\"http:\/\/ascorcerizas.com\/central\/141118wp\/contacta\/\">Contacto<\/a><\/h3>\n<p>Requ\u00edrese un adianto do 25% por ingreso ou transferencia bancaria, a descontar no pago final:<br \/>\n<b>CAIXA RURAL GALEGA<\/b><\/p>\n<h3>IBAN: ES45-3070-0043-0961-3133-3129<\/h3>\n<p>&nbsp;<\/p>\n<h3><a href=\"http:\/\/ascorcerizas.com\/central\/141118wp\/destacado\/albergue-rural\/aluguer-de-instalacions\/\">Aluguer de Instalaci\u00f3ns<\/a><br \/>\n<a href=\"http:\/\/www.reaj.com\/\" target=\"_blank\"><img loading=\"lazy\" decoding=\"async\" class=\"aligncenter size-full wp-image-213\" src=\"http:\/\/ascorcerizas.com\/central\/141118wp\/wp-content\/uploads\/2015\/01\/logo_reaj.png\" alt=\"REAJ\" width=\"378\" height=\"144\" srcset=\"http:\/\/ascorcerizas.com\/central\/141118wp\/wp-content\/uploads\/2015\/01\/logo_reaj.png 378w, http:\/\/ascorcerizas.com\/central\/141118wp\/wp-content\/uploads\/2015\/01\/logo_reaj-300x114.png 300w\" sizes=\"auto, (max-width: 378px) 100vw, 378px\" \/><\/a><\/h3>\n","protected":false},"excerpt":{"rendered":"<p>Turismo Responsable Goza dunha escapada 100% ecol\u00f3xica no noso albergue, premiado a nivel mundial por\u00a0Hostelling International\u00a0e o seu fondo de sostibilidade. Aloxamento Individual: 15\u20ac Grupos de m\u00e1is de 20 persoas: 13\u20ac Socias e socios de Amigos da Terra: 10\u20ac Gratis para nenos\/as menores de 5 anos. Coci\u00f1a e sal\u00f3n de libre uso. Servizo de lavandar\u00eda. [&hellip;]<\/p>\n","protected":false},"author":1,"featured_media":52,"parent":30,"menu_order":2,"comment_status":"open","ping_status":"closed","template":"","meta":{"jetpack_post_was_ever_published":false,"footnotes":"","_links_to":"","_links_to_target":""},"class_list":["post-12","page","type-page","status-publish","has-post-thumbnail","hentry"],"jetpack_sharing_enabled":true,"jetpack_shortlink":"https:\/\/wp.me\/P5AiAL-c","_links":{"self":[{"href":"http:\/\/ascorcerizas.com\/central\/141118wp\/wp-json\/wp\/v2\/pages\/12","targetHints":{"allow":["GET"]}}],"collection":[{"href":"http:\/\/ascorcerizas.com\/central\/141118wp\/wp-json\/wp\/v2\/pages"}],"about":[{"href":"http:\/\/ascorcerizas.com\/central\/141118wp\/wp-json\/wp\/v2\/types\/page"}],"author":[{"embeddable":true,"href":"http:\/\/ascorcerizas.com\/central\/141118wp\/wp-json\/wp\/v2\/users\/1"}],"replies":[{"embeddable":true,"href":"http:\/\/ascorcerizas.com\/central\/141118wp\/wp-json\/wp\/v2\/comments?post=12"}],"version-history":[{"count":0,"href":"http:\/\/ascorcerizas.com\/central\/141118wp\/wp-json\/wp\/v2\/pages\/12\/revisions"}],"up":[{"embeddable":true,"href":"http:\/\/ascorcerizas.com\/central\/141118wp\/wp-json\/wp\/v2\/pages\/30"}],"wp:featuredmedia":[{"embeddable":true,"href":"http:\/\/ascorcerizas.com\/central\/141118wp\/wp-json\/wp\/v2\/media\/52"}],"wp:attachment":[{"href":"http:\/\/ascorcerizas.com\/central\/141118wp\/wp-json\/wp\/v2\/media?parent=12"}],"curies":[{"name":"wp","href":"https:\/\/api.w.org\/{rel}","templated":true}]}}