{"id":29,"date":"2015-01-09T10:56:28","date_gmt":"2015-01-09T09:56:28","guid":{"rendered":"http:\/\/ascorcerizas.com\/central\/141118wp\/es\/?page_id=29"},"modified":"2018-04-04T13:15:58","modified_gmt":"2018-04-04T11:15:58","slug":"albergue","status":"publish","type":"page","link":"http:\/\/ascorcerizas.com\/central\/141118wp\/es\/destacado\/albergue\/","title":{"rendered":"Albergue"},"content":{"rendered":"<h2>Turismo Alternativo<\/h2>\n<p>Disfruta de una escapada 100% ecol\u00f3gica en nuestro albergue, premiado a nivel mundial por\u00a0<a title=\"Hostelling International\" href=\"https:\/\/www.hihostels.com\/\" target=\"_blank\">Hostelling International<\/a>\u00a0y su fondo de sostenibilidad.<\/p>\n<p><img loading=\"lazy\" decoding=\"async\" class=\"aligncenter wp-image-241 size-full\" title=\"Albergue As Corcerizas\" src=\"http:\/\/ascorcerizas.com\/central\/141118wp\/wp-content\/uploads\/2015\/01\/sub_03_albergue.jpg\" alt=\"Albergue Rural\" width=\"870\" height=\"580\" \/><\/p>\n<h2>Alojamiento<\/h2>\n<ul>\n<li>Individual: 15\u20ac<\/li>\n<li>Grupos de m\u00e1s de 20 persoas: 13\u20ac<\/li>\n<li>Socias y socios de Amigos da Terra: 10\u20ac<br \/>\nGratis para ni\u00f1os\/as menores de 5 a\u00f1os.<br \/>\nCoci\u00f1a y sal\u00f3n de libre uso.<br \/>\nServicio de lavander\u00eda.<\/li>\n<\/ul>\n<h2>Comidas<\/h2>\n<ul>\n<li>Pensi\u00f3n Completa: 40\u20ac<\/li>\n<li>Desayuno: 3\u20ac<\/li>\n<li>Comida \/ cena: 12\u20ac<\/li>\n<li>Picnic: 6\u20ac<br \/>\nIncorporando alimentos locales y de producci\u00f3n ecol\u00f3gica.<br \/>\nMen\u00fas adaptados a intolerancias y opciones veganas y vegetarianas.<\/li>\n<\/ul>\n<h2>Actividades y Servizos:<\/h2>\n<h3 style=\"padding-left: 30px\">Talleres<\/h3>\n<ul>\n<li>Elaboraci\u00f3n de velas veganas, 45min: &lt;10 pers: \u20ac35 \/ &gt;10pers: \u20ac55<\/li>\n<li>Elaboraci\u00f3n de cosm\u00e9tica natural, 45 min: &lt;10pers: \u20ac35 \/ &gt;10pers: \u20ac55<\/li>\n<li>Jabones artesanales, 1h: &lt;10pers: \u20ac35 \/ &gt;10pers: \u20ac55<\/li>\n<li>Panadar\u00eda silvestre, 30 min: &lt;10pers: \u20ac35 \/ &gt;10pers: \u20ac 55<\/li>\n<li>Elaboraci\u00f3n de mermeladas, 1h 30min: &lt;10pers: \u20ac55 \/ &gt;10pers: \u20ac75<\/li>\n<li>Autocultivo de setas comestibles, 2h: &lt;10pers: \u20ac65 \/ &gt;10pers \u20ac85<\/li>\n<\/ul>\n<h3 style=\"padding-left: 30px\">Animaci\u00f3n infantil<\/h3>\n<p style=\"padding-left: 30px\">Consultar precios<\/p>\n<h3 style=\"padding-left: 30px\">Trekking y BTT, rutas guiadas<\/h3>\n<ul>\n<li>Alto de San Mamede, ascenso hasta la cumbre (1.618m) 21km: &lt;10pers \u20ac50 \/ &gt;10pers: \u20ac5 pers.<\/li>\n<li>Bidueiral de Montederramo, (Red Natura 2000) 17km, ruta circular que nos interna en el bosque boreal m\u00e1s austral de Europa:\u00a0&lt;10pers: \u20ac50 \/ &gt;10pers: \u20ac5 pers.<\/li>\n<li>Teixeira y Castro, 20 km de ruta circular entre las dos aldeas de monta\u00f1a: &lt;10pers: \u20ac50 \/ &gt;10pers: \u20ac5 pers.<\/li>\n<\/ul>\n<h2><\/h2>\n<h2>Reservas:<\/h2>\n<h3><a href=\"http:\/\/ascorcerizas.com\/central\/141118wp\/contacta\/\">Contacto<\/a><\/h3>\n<p>Se requiere un adelanto del\u00a025% por ingreso o transferencia bancaria, a descontar en el\u00a0pago final:<br \/>\n<b>CAIXA RURAL GALEGA<\/b><\/p>\n<h3>IBAN: ES45-3070-0043-0961-3133-3129<\/h3>\n<p>&nbsp;<\/p>\n<h3><a href=\"http:\/\/ascorcerizas.com\/central\/141118wp\/es\/destacado\/albergue-rural\/alquiler-de-instalaciones\/\">Alquiler de Instalaciones<\/a><br \/>\n<a href=\"http:\/\/www.reaj.com\/\"><img loading=\"lazy\" decoding=\"async\" class=\"aligncenter size-full wp-image-213\" src=\"http:\/\/ascorcerizas.com\/central\/141118wp\/wp-content\/uploads\/2015\/01\/logo_reaj.png\" alt=\"REAJ\" width=\"378\" height=\"144\" \/><\/a><\/h3>\n","protected":false},"excerpt":{"rendered":"<p>Turismo Alternativo Disfruta de una escapada 100% ecol\u00f3gica en nuestro albergue, premiado a nivel mundial por\u00a0Hostelling International\u00a0y su fondo de sostenibilidad. Alojamiento Individual: 15\u20ac Grupos de m\u00e1s de 20 persoas: 13\u20ac Socias y socios de Amigos da Terra: 10\u20ac Gratis para ni\u00f1os\/as menores de 5 a\u00f1os. Coci\u00f1a y sal\u00f3n de libre uso. Servicio de lavander\u00eda. [&hellip;]<\/p>\n","protected":false},"author":1,"featured_media":30,"parent":24,"menu_order":2,"comment_status":"open","ping_status":"closed","template":"","meta":{"jetpack_post_was_ever_published":false,"footnotes":"","_links_to":"","_links_to_target":""},"class_list":["post-29","page","type-page","status-publish","has-post-thumbnail","hentry"],"jetpack_sharing_enabled":true,"jetpack_shortlink":"https:\/\/wp.me\/P6dYni-t","_links":{"self":[{"href":"http:\/\/ascorcerizas.com\/central\/141118wp\/es\/wp-json\/wp\/v2\/pages\/29","targetHints":{"allow":["GET"]}}],"collection":[{"href":"http:\/\/ascorcerizas.com\/central\/141118wp\/es\/wp-json\/wp\/v2\/pages"}],"about":[{"href":"http:\/\/ascorcerizas.com\/central\/141118wp\/es\/wp-json\/wp\/v2\/types\/page"}],"author":[{"embeddable":true,"href":"http:\/\/ascorcerizas.com\/central\/141118wp\/es\/wp-json\/wp\/v2\/users\/1"}],"replies":[{"embeddable":true,"href":"http:\/\/ascorcerizas.com\/central\/141118wp\/es\/wp-json\/wp\/v2\/comments?post=29"}],"version-history":[{"count":13,"href":"http:\/\/ascorcerizas.com\/central\/141118wp\/es\/wp-json\/wp\/v2\/pages\/29\/revisions"}],"predecessor-version":[{"id":221,"href":"http:\/\/ascorcerizas.com\/central\/141118wp\/es\/wp-json\/wp\/v2\/pages\/29\/revisions\/221"}],"up":[{"embeddable":true,"href":"http:\/\/ascorcerizas.com\/central\/141118wp\/es\/wp-json\/wp\/v2\/pages\/24"}],"wp:featuredmedia":[{"embeddable":true,"href":"http:\/\/ascorcerizas.com\/central\/141118wp\/es\/wp-json\/wp\/v2\/media\/30"}],"wp:attachment":[{"href":"http:\/\/ascorcerizas.com\/central\/141118wp\/es\/wp-json\/wp\/v2\/media?parent=29"}],"curies":[{"name":"wp","href":"https:\/\/api.w.org\/{rel}","templated":true}]}}