{"id":18,"date":"2015-03-07T11:40:02","date_gmt":"2015-03-07T10:40:02","guid":{"rendered":"http:\/\/ascorcerizas.com\/central\/141118wp\/es\/?page_id=18"},"modified":"2015-05-28T02:38:41","modified_gmt":"2015-05-28T00:38:41","slug":"aviso-legal","status":"publish","type":"page","link":"http:\/\/ascorcerizas.com\/central\/141118wp\/es\/aviso-legal\/","title":{"rendered":"Aviso legal"},"content":{"rendered":"<h3>INFORMACI\u00d3N GENERAL<\/h3>\n<p>En cumplimiento con el deber de informaci\u00f3n recogido en el art\u00edculo 10 de la Ley 34\/2002, de 11 de Julio, de los Servicios de la Sociedad de la Informaci\u00f3n y del Comercio Electr\u00f3nico, a la continuaci\u00f3n se reflejan los siguientes datos: La entidad titular de este website es Amigos da Terra, R\u00faa Bedoia, 5-2\u00baD. 32004 Ourense, con n\u00famero de C.I.F: G-32.242.422, y dedicada a la actividad de medio ambiente. Inscrita en el Registro Central de Asociaciones con el n\u00famero 84\/98. Correo electr\u00f3nico de contacto: info@amigosdaterra.net<\/p>\n<h3>PROPIEDAD INTELECTUAL Y USO DE LOS CONTENIDOS<\/h3>\n<p>Amigos da Terra es titular de todos los derechos de propiedad intelectual de la p\u00e1gina web <a title=\"ascorcerizas.com\" href=\"http:\/\/www.ascorcerizas.com\">www.ascorcerizas.com<\/a>, as\u00ed como de los elementos contenidos en la misma (im\u00e1genes, sonido, audio, v\u00eddeo, software o textos; marcas o logotipos, combinaciones de colores, estructura y dise\u00f1o, selecci\u00f3n de materiales usados, software necesarios para su funcionamiento, acceso y uso, etc.).<\/p>\n<p>Todos los derechos est\u00e1n reservados. En virtud de lo dispuesto en los art\u00edculos 8 y 32.1, p\u00e1rrafo seg\u00fan, de la Ley de Propiedad Intelectual, quedan expresamente prohibidas la reproducci\u00f3n, la distribuci\u00f3n y la comunicaci\u00f3n p\u00fablica, de la totalidad o parte de los contenidos de esta p\u00e1gina web, con fines comerciales, en cualquier soporte y por cualquier medio t\u00e9cnico, sin la autorizaci\u00f3n de Amigos da Terra.<\/p>\n<p>El Usuario se compromete a respetar los derechos de Propiedad Intelectual titularidad de Amigos da Terra. Podr\u00e1 visualizar los elementos del website y hasta imprimirlos, copiarlos y almacenarlos en el disco duro de su ordenador o en cualquier otro soporte f\u00edsico a condici\u00f3n de que sea \u00fanica y exclusivamente, para su uso personal y privado.<\/p>\n<h3>PROTECCI\u00d3N DE DATOS<\/h3>\n<p>Los datos de car\u00e1cter personal que aparecen en el website, fueron obtenidos de forma legal, son objeto de tratamiento automatizado y fueron incorporados a los correspondientes ficheros cuya titularidad corresponde a Amigos da Terra.<\/p>\n<p>Amigos da Terra adopt\u00f3 las medidas t\u00e9cnicas y organizativas, y los niveles de seguridad exigidos legalmente conforme a lo dispuesto en la Ley Org\u00e1nica 15\/1999, de 15 de Diciembre de Protecci\u00f3n de Datos de Car\u00e1cter Personal, a efectos del ejercicio de los derechos de acceso, de rectificaci\u00f3n y de cancelaci\u00f3n previstos en la dicha ley.<\/p>\n<h3>EXCLUSI\u00d3N DE RESPONSABILIDAD<\/h3>\n<p>Amigos da Terra no se hace responsable, en ning\u00fan caso, de los da\u00f1os y perjuicios de cualquier naturaleza que pudieran ocasionar, a t\u00edtulo enunciativo: errores u omisiones en los contenidos, falta de disponibilidad de la web o la transmisi\u00f3n de virus o programas maliciosos o lesivos en los contenidos, a pesar de adoptar todas las medidas tecnol\u00f3gicas necesarias para evitarlo.<\/p>\n<h3>MODIFICACIONES<\/h3>\n<p>Amigos da Terra se reserva el derecho de efectuar sin previo aviso las modificaciones que considere oportunas en su website, pudiendo cambiar, suprimir o a\u00f1adir tanto los contenidos y servicios que se presten a trav\u00e9s de la misma como la forma en la que estos aparezcan presentados o localizados en ella.<\/p>\n","protected":false},"excerpt":{"rendered":"<p>INFORMACI\u00d3N GENERAL En cumplimiento con el deber de informaci\u00f3n recogido en el art\u00edculo 10 de la Ley 34\/2002, de 11 de Julio, de los Servicios de la Sociedad de la Informaci\u00f3n y del Comercio Electr\u00f3nico, a la continuaci\u00f3n se reflejan los siguientes datos: La entidad titular de este website es Amigos da Terra, R\u00faa Bedoia, [&hellip;]<\/p>\n","protected":false},"author":1,"featured_media":0,"parent":0,"menu_order":7,"comment_status":"open","ping_status":"closed","template":"","meta":{"jetpack_post_was_ever_published":false,"footnotes":"","_links_to":"","_links_to_target":""},"class_list":["post-18","page","type-page","status-publish","hentry"],"jetpack_sharing_enabled":false,"jetpack_shortlink":"https:\/\/wp.me\/P6dYni-i","_links":{"self":[{"href":"http:\/\/ascorcerizas.com\/central\/141118wp\/es\/wp-json\/wp\/v2\/pages\/18","targetHints":{"allow":["GET"]}}],"collection":[{"href":"http:\/\/ascorcerizas.com\/central\/141118wp\/es\/wp-json\/wp\/v2\/pages"}],"about":[{"href":"http:\/\/ascorcerizas.com\/central\/141118wp\/es\/wp-json\/wp\/v2\/types\/page"}],"author":[{"embeddable":true,"href":"http:\/\/ascorcerizas.com\/central\/141118wp\/es\/wp-json\/wp\/v2\/users\/1"}],"replies":[{"embeddable":true,"href":"http:\/\/ascorcerizas.com\/central\/141118wp\/es\/wp-json\/wp\/v2\/comments?post=18"}],"version-history":[{"count":0,"href":"http:\/\/ascorcerizas.com\/central\/141118wp\/es\/wp-json\/wp\/v2\/pages\/18\/revisions"}],"wp:attachment":[{"href":"http:\/\/ascorcerizas.com\/central\/141118wp\/es\/wp-json\/wp\/v2\/media?parent=18"}],"curies":[{"name":"wp","href":"https:\/\/api.w.org\/{rel}","templated":true}]}}