{"id":347,"date":"2008-06-02T16:06:56","date_gmt":"2008-06-02T15:06:56","guid":{"rendered":"http:\/\/www.ascorcerizas.com\/central\/060126wp\/wp\/?page_id=347"},"modified":"2008-08-26T13:04:29","modified_gmt":"2008-08-26T12:04:29","slug":"neste-veran-2008-fins-de-semana-alternativas-3","status":"publish","type":"page","link":"http:\/\/ascorcerizas.com\/central\/060126wp\/wp\/?page_id=347","title":{"rendered":"Neste ver\u00e1n 2008: Fins de Semana Alternativas"},"content":{"rendered":"<p><strong>1. A BUSCA DO TESOURO: ORIENTACI\u00d3N NA MONTA\u00d1A<\/strong><br \/>\n<strong> Obradoiro de relaxaci\u00f3n, risa e musicoterapia.<\/strong><\/p>\n<p><strong>Datas: <\/strong><strong>do 12 ao 14 de Setembro<\/strong><\/p>\n<p>A <strong>orientaci\u00f3n<\/strong> \u00e9 unha cualidade de todos os animais e que os seres humanos fomos esquecendo co tempo. Hoxe en d\u00eda podemos re-aprender a orientarnos a trav\u00e9s de elementos naturais como o sol, a l\u00faa ou as estrelas. E tam\u00e9n podemos valernos doutros como son os mapas, as br\u00faxulas ou incluso os reloxos. A trav\u00e9s de probas e da utilizaci\u00f3n de todos estos recursos conseguiremos orientarnos e desplazarnos pola Serra de San Mamede, ata chegar a descubrir o tesouro que se agocha na propia natureza.<\/p>\n<p>Para poder contar sempre coa enerx\u00eda que precisamos, aprenderemos a buscala a trav\u00e9s do novidoso <strong>obradoiro<\/strong><strong> do Combustible ecol\u00f3xico,<\/strong> grazas \u00e1 colaboraci\u00f3n do <strong><em>Gabinete de psicolox\u00eda Andares. <\/em><\/strong><\/p>\n<p>O obxectivo xeral deste obradoiro de <strong>relaxaci\u00f3n, risa e musicoterapia<\/strong>, \u00e9 crear un espazo grupal c\u00f3modo, din\u00e1mico e l\u00fadico para levar a cabo actividades f\u00edsicas e ps\u00edquicas que fomenten o desenvolvemento do noso propio combustible: un combustible completamente biol\u00f3xico, ecol\u00f3xico e renovable. Un nutrinte para o corpo-mente, que solvente a necesidade de enerx\u00eda que precisamos a diario.<\/p>\n<p>E onde se atopa a central xeradora desta enerx\u00eda?:  En n\u00f3s mesmos\/as.<\/p>\n<p>A actividade estruturase en catro m\u00f3dulos tem\u00e1ticos, que se desenvolver\u00e1n con caracter l\u00fadico:<\/p>\n<blockquote>\n<ol>\n<li>Autoestima.<\/li>\n<li>Habilidades Sociais e Resoluci\u00f3n de Conflictos.<\/li>\n<li>Relaxaci\u00f3n e Musicoterapia.<\/li>\n<li>Risoterapia.<\/li>\n<\/ol>\n<\/blockquote>\n<p align=\"center\"><strong>[<a href=\"?page_id=342\">VOLTAR &#8211; INSCRICI\u00d3N<\/a>]<\/strong><\/p>\n","protected":false},"excerpt":{"rendered":"<p>1. A BUSCA DO TESOURO: ORIENTACI\u00d3N NA MONTA\u00d1A Obradoiro de relaxaci\u00f3n, risa e musicoterapia. Datas: do 12 ao 14 de Setembro A orientaci\u00f3n \u00e9 unha cualidade de todos os animais e que os seres humanos fomos esquecendo co tempo. Hoxe en d\u00eda podemos re-aprender a orientarnos a trav\u00e9s de elementos naturais como o sol, a [&hellip;]<\/p>\n","protected":false},"author":1,"featured_media":0,"parent":342,"menu_order":0,"comment_status":"open","ping_status":"open","template":"","meta":{"jetpack_post_was_ever_published":false,"footnotes":""},"class_list":["post-347","page","type-page","status-publish","hentry"],"jetpack_sharing_enabled":true,"jetpack_shortlink":"https:\/\/wp.me\/P7kmhj-5B","_links":{"self":[{"href":"http:\/\/ascorcerizas.com\/central\/060126wp\/wp\/index.php?rest_route=\/wp\/v2\/pages\/347","targetHints":{"allow":["GET"]}}],"collection":[{"href":"http:\/\/ascorcerizas.com\/central\/060126wp\/wp\/index.php?rest_route=\/wp\/v2\/pages"}],"about":[{"href":"http:\/\/ascorcerizas.com\/central\/060126wp\/wp\/index.php?rest_route=\/wp\/v2\/types\/page"}],"author":[{"embeddable":true,"href":"http:\/\/ascorcerizas.com\/central\/060126wp\/wp\/index.php?rest_route=\/wp\/v2\/users\/1"}],"replies":[{"embeddable":true,"href":"http:\/\/ascorcerizas.com\/central\/060126wp\/wp\/index.php?rest_route=%2Fwp%2Fv2%2Fcomments&post=347"}],"version-history":[{"count":0,"href":"http:\/\/ascorcerizas.com\/central\/060126wp\/wp\/index.php?rest_route=\/wp\/v2\/pages\/347\/revisions"}],"up":[{"embeddable":true,"href":"http:\/\/ascorcerizas.com\/central\/060126wp\/wp\/index.php?rest_route=\/wp\/v2\/pages\/342"}],"wp:attachment":[{"href":"http:\/\/ascorcerizas.com\/central\/060126wp\/wp\/index.php?rest_route=%2Fwp%2Fv2%2Fmedia&parent=347"}],"curies":[{"name":"wp","href":"https:\/\/api.w.org\/{rel}","templated":true}]}}