{"id":342,"date":"2008-06-02T15:26:25","date_gmt":"2008-06-02T14:26:25","guid":{"rendered":"http:\/\/www.ascorcerizas.com\/central\/060126wp\/wp\/?page_id=342"},"modified":"2008-11-28T15:42:36","modified_gmt":"2008-11-28T14:42:36","slug":"neste-veran-2008-fins-de-semana-alternativas","status":"publish","type":"page","link":"http:\/\/ascorcerizas.com\/central\/060126wp\/wp\/?page_id=342","title":{"rendered":"Neste ver\u00e1n 2008: Fins de Semana Alternativas"},"content":{"rendered":"<p>            <strong>Amigos da Terra<\/strong> ofr\u00e9ceche este ver\u00e1n en As Corcerizas unha alternativa para o teu tempo libre, unha oferta diferente de actividades onde atopar\u00e1s o xeito de divertirte, relacionarte con outra xente, e disfrutar \u00e1 vez que descubres unha paisaxe desco\u00f1ecida para moitos\/as nesta \u00e9poca: a monta\u00f1a galega.<\/p>\n<p>Escolle a fin de semana que m\u00e1is che interesa:<\/p>\n<ul>\n<li><strong><a href=\"?page_id=347\"><em> 1. Se precisas aventura e atopar a t\u00faa propia enerx\u00eda vital&#8230;<\/em><\/a><\/strong><br \/>\nA Busca do Tesouro: Orientaci\u00f3n na Monta\u00f1a<br \/>\nObradoiro de relaxaci\u00f3n, risa e musicoterapia.<\/li>\n<\/ul>\n<ul>\n<li><strong><a href=\"?page_id=345\"><em>2. Se buscas relaxarte e co\u00f1ecer as tradici\u00f3ns da nosa cultura&#8230;<\/em><\/a><\/strong><br \/>\nRuta Interpretativa pola Monta\u00f1a<br \/>\nActividades de Ioga e Relaxaci\u00f3n.<\/li>\n<\/ul>\n<p>As datas dos programas adaptar\u00e1nse segundo a demanda.<\/p>\n<p>En todas as fins de semana abrirase a oportunidade de co\u00f1ecer as instalaci\u00f3ns do Centro e o seu funcionamento, pioneiro en Galicia e referente a nivel estatal no uso das enerx\u00edas renovables, no eido da bioconstruci\u00f3n e no tratamento alternativo de residuos.<\/p>\n<p>Todas as actividades est\u00e1n dirixidas ao p\u00fablico xeral; o programa poder\u00e1 adaptarse atendendo aos intereses e necesidades do grupo.<\/p>\n<p><strong>TARIFA: <\/strong><br \/>\n75 euros (inclu\u00eddo aloxamento, manutenci\u00f3n e actividades dos 3 d\u00edas).<br \/>\n65 euros para socios e socias.<br \/>\n<strong> Prazas Limitadas!!!<\/strong><\/p>\n<blockquote><p><strong>[<a href=\"http:\/\/www.ascorcerizas.com\/central\/060126wp\/wp\/wp-content\/uploads\/2008\/06\/ficha_inscricion_fins-de-semana-alternativos_2008.doc\" title=\"Ficha de Inscrici\u00f3n\" target=\"_blank\">FICHA DE INSCRICI\u00d3N<\/a>.doc]<\/strong><br \/>\n<strong> [<\/strong><strong><a href=\"http:\/\/www.ascorcerizas.com\/central\/060126wp\/wp\/wp-content\/uploads\/2008\/06\/ficha_inscricion_fins-de-semana-alternativos_2008.pdf\" title=\"Ficha de Inscrici\u00f3n\" target=\"_blank\">FICHA DE INSCRICI\u00d3N<\/a><\/strong><strong>.pdf]<\/strong><\/p><\/blockquote>\n<p><img decoding=\"async\" src=\"http:\/\/www.ascorcerizas.com\/central\/060126wp\/wp\/wp-content\/uploads\/2008\/11\/logotipo-tenencia-ourense.gif\" alt=\"Tenencia de Alcald\u00eda de Ourense\" align=\"right\" \/><\/p>\n","protected":false},"excerpt":{"rendered":"<p>Amigos da Terra ofr\u00e9ceche este ver\u00e1n en As Corcerizas unha alternativa para o teu tempo libre, unha oferta diferente de actividades onde atopar\u00e1s o xeito de divertirte, relacionarte con outra xente, e disfrutar \u00e1 vez que descubres unha paisaxe desco\u00f1ecida para moitos\/as nesta \u00e9poca: a monta\u00f1a galega. Escolle a fin de semana que m\u00e1is che [&hellip;]<\/p>\n","protected":false},"author":1,"featured_media":0,"parent":236,"menu_order":0,"comment_status":"open","ping_status":"open","template":"","meta":{"jetpack_post_was_ever_published":false,"footnotes":""},"class_list":["post-342","page","type-page","status-publish","hentry"],"jetpack_sharing_enabled":true,"jetpack_shortlink":"https:\/\/wp.me\/P7kmhj-5w","_links":{"self":[{"href":"http:\/\/ascorcerizas.com\/central\/060126wp\/wp\/index.php?rest_route=\/wp\/v2\/pages\/342","targetHints":{"allow":["GET"]}}],"collection":[{"href":"http:\/\/ascorcerizas.com\/central\/060126wp\/wp\/index.php?rest_route=\/wp\/v2\/pages"}],"about":[{"href":"http:\/\/ascorcerizas.com\/central\/060126wp\/wp\/index.php?rest_route=\/wp\/v2\/types\/page"}],"author":[{"embeddable":true,"href":"http:\/\/ascorcerizas.com\/central\/060126wp\/wp\/index.php?rest_route=\/wp\/v2\/users\/1"}],"replies":[{"embeddable":true,"href":"http:\/\/ascorcerizas.com\/central\/060126wp\/wp\/index.php?rest_route=%2Fwp%2Fv2%2Fcomments&post=342"}],"version-history":[{"count":0,"href":"http:\/\/ascorcerizas.com\/central\/060126wp\/wp\/index.php?rest_route=\/wp\/v2\/pages\/342\/revisions"}],"up":[{"embeddable":true,"href":"http:\/\/ascorcerizas.com\/central\/060126wp\/wp\/index.php?rest_route=\/wp\/v2\/pages\/236"}],"wp:attachment":[{"href":"http:\/\/ascorcerizas.com\/central\/060126wp\/wp\/index.php?rest_route=%2Fwp%2Fv2%2Fmedia&parent=342"}],"curies":[{"name":"wp","href":"https:\/\/api.w.org\/{rel}","templated":true}]}}