{"id":13,"date":"2006-02-02T20:13:48","date_gmt":"2006-02-02T19:13:48","guid":{"rendered":"http:\/\/www.ascorcerizas.com\/central\/060126wp\/wp\/?page_id=13"},"modified":"2007-05-24T20:50:41","modified_gmt":"2007-05-24T19:50:41","slug":"semana-da-ciencia-2005","status":"publish","type":"page","link":"http:\/\/ascorcerizas.com\/central\/060126wp\/wp\/?page_id=13","title":{"rendered":"Semana da Ciencia 2005"},"content":{"rendered":"<p>Do <strong>14-20 de novembro<\/strong><br \/>\nno Centro de Educaci\u00f3n Ambiental &#8220;<a target=\"_blank\" href=\"http:\/\/ascorcerizas.com\/\">As Corcerizas<\/a>&#8221;<\/p>\n<p><img decoding=\"async\" src=\"http:\/\/www.ascorcerizas.com\/central\/060126wp\/wp\/wp-content\/images_2006\/semana_da_ciencia_2005.png\" \/><\/p>\n<p>A xornada consta dunha visita pr\u00e1ctica e vivencial polas instalaci\u00f3ns para achegar aos participantes aos problemas derivados do cambio clim\u00e1tico e co\u00f1ecer a realidade das enerx\u00edas renovables, valor\u00e1ndoas coma unha opci\u00f3n eficaz e sostible para a nosa sociedade actual.<\/p>\n<p>Descubrir\u00e1n tam\u00e9n as potencialidades, vantaxes e beneficios das novas t\u00e9cnicas e materiais de bioconstruci\u00f3n, que nos permiten vivir dun xeito m\u00e1is sostible, sen renunciar aos niveis de benestar alcanzados ata agora.<\/p>\n<p><strong><font color=\"red\">INFORMACI\u00f3N AMPLIADA:<\/font><\/strong><\/p>\n<p><strong>Actividades para Centros Escolares<\/strong><br \/>\nDe Luns a Venres: Maiores de 13 anos<\/p>\n<p><font size=\"1\">Documento: <a href=\"http:\/\/www.ecotono.net\/modules.php?op=modload&#038;name=Downloads&#038;file=index&#038;req=getit&#038;lid=6\"><strong>Semana da Ciencia 2005 :: Informaci\u00f3n CENTROS ESCOLARES<\/strong><\/a><br \/>\nDocumento:  <a href=\"http:\/\/www.ecotono.net\/modules.php?op=modload&#038;name=Downloads&#038;file=index&#038;req=getit&#038;lid=7\"><strong>Semana da Ciencia 2005 :: Cuestionario Inscrici\u00f3n  CENTROS ESCOLARES<\/strong><\/a><\/font><\/p>\n<p><strong>Actividades para Adultos<\/strong><br \/>\nS\u00e1bado e Domingo<\/p>\n<p><font size=\"1\">Documento:  <a href=\"http:\/\/www.ecotono.net\/modules.php?op=modload&#038;name=Downloads&#038;file=index&#038;req=getit&#038;lid=8\"><strong>Semana da Ciencia 2005 :: Informaci\u00f3n ADULTOS<\/strong><\/a><br \/>\nDocumento:  <a href=\"http:\/\/www.ecotono.net\/modules.php?op=modload&#038;name=Downloads&#038;file=index&#038;req=getit&#038;lid=9\"><strong>Semana da Ciencia 2005 :: Cuestionario Inscrici\u00f3n ADULTOS<\/strong><\/a><\/font><\/p>\n<table width=\"450\" cellspacing=\"0\" cellpadding=\"0\" border=\"0\">\n<tr>\n<td bgcolor=\"#006e7d\"><img loading=\"lazy\" decoding=\"async\" width=\"450\" height=\"357\" src=\"http:\/\/www.ascorcerizas.com\/central\/060126wp\/wp\/wp-content\/images_2006\/semanadaciencia2005_01.png\" \/><\/td>\n<\/tr>\n<tr>\n<td bgcolor=\"#006e7d\"><img loading=\"lazy\" decoding=\"async\" width=\"450\" height=\"173\" src=\"http:\/\/www.ascorcerizas.com\/central\/060126wp\/wp\/wp-content\/images_2006\/semanadaciencia2005_02.jpg\" \/><\/td>\n<\/tr>\n<\/table>\n<p><a href=\"http:\/\/www.amigosdaterra.net\/info\/ascorcerizas\/fotos\/cz-04-051120.html\"><strong>Fotograf\u00edas:<\/strong> Semana da Ciencia 2005<\/a><\/p>\n","protected":false},"excerpt":{"rendered":"<p>Do 14-20 de novembro no Centro de Educaci\u00f3n Ambiental &#8220;As Corcerizas&#8221; A xornada consta dunha visita pr\u00e1ctica e vivencial polas instalaci\u00f3ns para achegar aos participantes aos problemas derivados do cambio clim\u00e1tico e co\u00f1ecer a realidade das enerx\u00edas renovables, valor\u00e1ndoas coma unha opci\u00f3n eficaz e sostible para a nosa sociedade actual. Descubrir\u00e1n tam\u00e9n as potencialidades, vantaxes [&hellip;]<\/p>\n","protected":false},"author":1,"featured_media":0,"parent":216,"menu_order":0,"comment_status":"closed","ping_status":"closed","template":"","meta":{"jetpack_post_was_ever_published":false,"footnotes":""},"class_list":["post-13","page","type-page","status-publish","hentry"],"jetpack_sharing_enabled":true,"jetpack_shortlink":"https:\/\/wp.me\/P7kmhj-d","_links":{"self":[{"href":"http:\/\/ascorcerizas.com\/central\/060126wp\/wp\/index.php?rest_route=\/wp\/v2\/pages\/13","targetHints":{"allow":["GET"]}}],"collection":[{"href":"http:\/\/ascorcerizas.com\/central\/060126wp\/wp\/index.php?rest_route=\/wp\/v2\/pages"}],"about":[{"href":"http:\/\/ascorcerizas.com\/central\/060126wp\/wp\/index.php?rest_route=\/wp\/v2\/types\/page"}],"author":[{"embeddable":true,"href":"http:\/\/ascorcerizas.com\/central\/060126wp\/wp\/index.php?rest_route=\/wp\/v2\/users\/1"}],"replies":[{"embeddable":true,"href":"http:\/\/ascorcerizas.com\/central\/060126wp\/wp\/index.php?rest_route=%2Fwp%2Fv2%2Fcomments&post=13"}],"version-history":[{"count":0,"href":"http:\/\/ascorcerizas.com\/central\/060126wp\/wp\/index.php?rest_route=\/wp\/v2\/pages\/13\/revisions"}],"up":[{"embeddable":true,"href":"http:\/\/ascorcerizas.com\/central\/060126wp\/wp\/index.php?rest_route=\/wp\/v2\/pages\/216"}],"wp:attachment":[{"href":"http:\/\/ascorcerizas.com\/central\/060126wp\/wp\/index.php?rest_route=%2Fwp%2Fv2%2Fmedia&parent=13"}],"curies":[{"name":"wp","href":"https:\/\/api.w.org\/{rel}","templated":true}]}}