{"id":109,"date":"2006-10-16T19:24:28","date_gmt":"2006-10-16T18:24:28","guid":{"rendered":"http:\/\/www.ascorcerizas.com\/central\/060126wp\/wp\/?page_id=109"},"modified":"2007-05-24T21:04:26","modified_gmt":"2007-05-24T20:04:26","slug":"fmf-tratamento-alternativo-de-augas-residuais-en-as-corcerizas","status":"publish","type":"page","link":"http:\/\/ascorcerizas.com\/central\/060126wp\/wp\/?page_id=109","title":{"rendered":"FMF: Tratamento alternativo de augas residuais en As Corcerizas"},"content":{"rendered":"<p>Amigos da Terra ven de po\u00f1er en marcha un sistema <strong>innovador e \u00fanico <\/strong>en Galicia para o tratamiento das aguas residuais:<strong> Filtro de Macrofitas en Flotaci\u00f3n (FMF)<\/strong>,<strong> <\/strong>dando as\u00ed un paso m\u00e1is cara a s\u00faa autoxesti\u00f3n sostible.<\/p>\n<p><img decoding=\"async\" alt=\"filtro de macrofitas en flotaci\u00f3n\" id=\"image161\" src=\"http:\/\/www.ascorcerizas.com\/central\/060126wp\/wp\/wp-content\/uploads\/2007\/03\/macrofitas_seguimento_1.jpg\" \/><\/p>\n<p>O FMF \u00e9 un sistema de<strong> depuraci\u00f3n biol\u00f3xica mediante plantas acu\u00e1ticas<\/strong> que, coa novidade da s\u00faa posici\u00f3n flotante, garantiza unha eficaz depuraci\u00f3n. Adem\u00e1is de resolver de forma sostible a xesti\u00f3n das aguas residuais, crea e preserva un h\u00e1bitat ameazado e de incalculable riqueza como \u00e9 o humedal.<\/p>\n<p>Para<strong> <em><u>a planificaci\u00f3n<\/u><\/em><\/strong> do proxecto contamos co inestimable apoio das empresas <strong><a title=\"macrofitas sl\" href=\"http:\/\/www.macrofitas.com\">Macrofitas SL<\/a> e <\/strong><strong><a title=\"aquaphytex\" href=\"http:\/\/www.aquaphytex.com\">Aquaphytex<\/a><\/strong>, que dende un principio non dubidaron en ofrecer a s\u00faa axuda, tanto presencial como v\u00eda internet.<\/p>\n<p>A<strong> <em><u>posta en marcha<\/u><\/em><\/strong> foi posible grazas \u00e1 ilusi\u00f3n e esforzo das\/os <strong>voluntarias\/os<\/strong>, procendentes de todo o Estado, e os\/as monitores\/as que participaron no campo de traballo \u201cNovas tecnolox\u00edas no medio rural e educaci\u00f3n para a sostibilidade\u201d, que <em>Amigos da Terra<\/em> organizou nas  instalaci\u00f3ns de As Corcerizas o pasado mes de agosto.<\/p>\n<p><img decoding=\"async\" alt=\"campo de traballo en As Corcerizas\" id=\"image162\" src=\"http:\/\/www.ascorcerizas.com\/central\/060126wp\/wp\/wp-content\/uploads\/2007\/03\/campotraballo_2.jpg\" \/><\/p>\n<p><strong><em><u>Os resultados<\/u><\/em><\/strong>: P\u00f3dese decir a d\u00eda de hoxe que a implantaci\u00f3n do proxecto foi <strong>todo un \u00e9xito<\/strong>. As plantas te\u00f1en un crecemento \u00f3ptimo e hai ausencia de pragas. Falta esperar \u00e1 primaveira do ano que ven para determinar se o grado de depuraci\u00f3n \u00e9 o esperado.<\/p>\n<p><img decoding=\"async\" alt=\"fmf\" id=\"image163\" src=\"http:\/\/www.ascorcerizas.com\/central\/060126wp\/wp\/wp-content\/uploads\/2007\/03\/macrofitas_seguimento_3.jpg\" \/><\/p>\n<p><em>Este \u00e9 o incre\u00edble aspecto que presenta o sistema de depuraci\u00f3n 15 d\u00edas despois da s\u00faa  plantaci\u00f3n.<\/em><\/p>\n<p>[<a title=\"Fotograf\u00edas Amigos da Terra\" href=\"http:\/\/www.amigosdaterra.net\/cmn-album\/main.php?g2_itemId=3036\">Fotograf\u00edas do Campo de Traballo: implantaci\u00f3n do FMF<\/a>]<br \/>\nDocumentaci\u00f3n elaborada por Macr\u00f3fitas sl:<br \/>\n[<strong><a title=\"FMF Amigos da Terra\" href=\"http:\/\/amigosdaterra.net\/descargas\/documentos\/FMF_Amigos_da_Terra.pdf\">FMF Amigos da Terra documento PDF<\/a><\/strong> 1.55 MB]<br \/>\n[<a title=\"FMF\" href=\"http:\/\/www.ascorcerizas.com\/central\/060126wp\/wp\/?p=27\">Informaci\u00f3n anterior do Campo de Traballo: implantaci\u00f3n do FMF<\/a>]<\/p>\n<p><a title=\"Direcci\u00f3n Xeral de Xuventude e Solidariedade\" target=\"_blank\" href=\"http:\/\/vicepresidencia.xunta.es\/index.php?id=27\"><img decoding=\"async\" border=\"0\" align=\"right\" alt=\"Direcci\u00f3n Xeral de Xuventude e Solidariedade\" title=\"Direcci\u00f3n Xeral de Xuventude e Solidariedade\" src=\"http:\/\/ascorcerizas.com\/central\/060126wp\/wp\/wp-content\/themes\/ascorcerizas\/images\/logo_xunta.png\" \/><\/a><\/p>\n","protected":false},"excerpt":{"rendered":"<p>Amigos da Terra ven de po\u00f1er en marcha un sistema innovador e \u00fanico en Galicia para o tratamiento das aguas residuais: Filtro de Macrofitas en Flotaci\u00f3n (FMF), dando as\u00ed un paso m\u00e1is cara a s\u00faa autoxesti\u00f3n sostible. O FMF \u00e9 un sistema de depuraci\u00f3n biol\u00f3xica mediante plantas acu\u00e1ticas que, coa novidade da s\u00faa posici\u00f3n flotante, [&hellip;]<\/p>\n","protected":false},"author":1,"featured_media":0,"parent":216,"menu_order":0,"comment_status":"open","ping_status":"open","template":"","meta":{"jetpack_post_was_ever_published":false,"footnotes":""},"class_list":["post-109","page","type-page","status-publish","hentry"],"jetpack_sharing_enabled":true,"jetpack_shortlink":"https:\/\/wp.me\/P7kmhj-1L","_links":{"self":[{"href":"http:\/\/ascorcerizas.com\/central\/060126wp\/wp\/index.php?rest_route=\/wp\/v2\/pages\/109","targetHints":{"allow":["GET"]}}],"collection":[{"href":"http:\/\/ascorcerizas.com\/central\/060126wp\/wp\/index.php?rest_route=\/wp\/v2\/pages"}],"about":[{"href":"http:\/\/ascorcerizas.com\/central\/060126wp\/wp\/index.php?rest_route=\/wp\/v2\/types\/page"}],"author":[{"embeddable":true,"href":"http:\/\/ascorcerizas.com\/central\/060126wp\/wp\/index.php?rest_route=\/wp\/v2\/users\/1"}],"replies":[{"embeddable":true,"href":"http:\/\/ascorcerizas.com\/central\/060126wp\/wp\/index.php?rest_route=%2Fwp%2Fv2%2Fcomments&post=109"}],"version-history":[{"count":0,"href":"http:\/\/ascorcerizas.com\/central\/060126wp\/wp\/index.php?rest_route=\/wp\/v2\/pages\/109\/revisions"}],"up":[{"embeddable":true,"href":"http:\/\/ascorcerizas.com\/central\/060126wp\/wp\/index.php?rest_route=\/wp\/v2\/pages\/216"}],"wp:attachment":[{"href":"http:\/\/ascorcerizas.com\/central\/060126wp\/wp\/index.php?rest_route=%2Fwp%2Fv2%2Fmedia&parent=109"}],"curies":[{"name":"wp","href":"https:\/\/api.w.org\/{rel}","templated":true}]}}